{"id":41,"date":"2025-09-21T15:18:51","date_gmt":"2025-09-21T13:18:51","guid":{"rendered":"https:\/\/tashalex-wed.hopto.org\/?page_id=41"},"modified":"2026-04-09T14:40:53","modified_gmt":"2026-04-09T12:40:53","slug":"televerser-vos-photos-et-videos","status":"publish","type":"page","link":"https:\/\/tashalex-wed.hopto.org\/index.php\/televerser-vos-photos-et-videos\/","title":{"rendered":"T\u00e9l\u00e9verser vos photos et vid\u00e9os"},"content":{"rendered":"","protected":true},"excerpt":{"rendered":"","protected":true},"author":1,"featured_media":0,"parent":0,"menu_order":0,"comment_status":"closed","ping_status":"closed","template":"","meta":{"footnotes":""},"class_list":["post-41","page","type-page","status-publish","post-password-required","hentry"],"_links":{"self":[{"href":"https:\/\/tashalex-wed.hopto.org\/index.php\/wp-json\/wp\/v2\/pages\/41","targetHints":{"allow":["GET"]}}],"collection":[{"href":"https:\/\/tashalex-wed.hopto.org\/index.php\/wp-json\/wp\/v2\/pages"}],"about":[{"href":"https:\/\/tashalex-wed.hopto.org\/index.php\/wp-json\/wp\/v2\/types\/page"}],"author":[{"embeddable":true,"href":"https:\/\/tashalex-wed.hopto.org\/index.php\/wp-json\/wp\/v2\/users\/1"}],"replies":[{"embeddable":true,"href":"https:\/\/tashalex-wed.hopto.org\/index.php\/wp-json\/wp\/v2\/comments?post=41"}],"version-history":[{"count":4,"href":"https:\/\/tashalex-wed.hopto.org\/index.php\/wp-json\/wp\/v2\/pages\/41\/revisions"}],"predecessor-version":[{"id":72,"href":"https:\/\/tashalex-wed.hopto.org\/index.php\/wp-json\/wp\/v2\/pages\/41\/revisions\/72"}],"wp:attachment":[{"href":"https:\/\/tashalex-wed.hopto.org\/index.php\/wp-json\/wp\/v2\/media?parent=41"}],"curies":[{"name":"wp","href":"https:\/\/api.w.org\/{rel}","templated":true}]}}